{"id":1207,"date":"2020-06-23T21:04:01","date_gmt":"2020-06-23T19:04:01","guid":{"rendered":"http:\/\/www.open-world.ch\/lesalon\/?page_id=1207"},"modified":"2021-01-05T17:56:27","modified_gmt":"2021-01-05T16:56:27","slug":"les-cours-2020-2021","status":"publish","type":"page","link":"http:\/\/www.open-world.ch\/lesalon\/?page_id=1207","title":{"rendered":"Les cours 2020\/2021"},"content":{"rendered":"\n<div class=\"wp-block-group\"><div class=\"wp-block-group__inner-container\"><div class=\"wp-block-group__inner-container\">\n<h2>Programme septembre 2020 &#8211; juin 2021<\/h2>\n\n\n\n<p><a name=\"ATELIER\"><\/a><\/p>\n\n\n\n<h3><img loading=\"lazy\" class=\"alignleft wp-image-1138 size-thumbnail\" src=\"http:\/\/www.open-world.ch\/wordpress\/wp-content\/uploads\/2019\/07\/DSCN0408-150x150.jpg\" alt=\"Theatre Palmyra\" width=\"150\" height=\"150\">Qu\u2019est-ce que le th\u00e9\u00e2tre?&nbsp;<\/h3>\n\n\n\n<p><a href=\"http:\/\/www.open-world.ch\/lesalon\/?page_id=18#KCROFTS\">Kim Crofts<\/a><br>Quelle place dans notre soci\u00e9t\u00e9 occidentale pour cet art, et quelle fonction ?&nbsp; Divertissement bourgeois ou outil de r\u00e9volution ? \u00c9veilleur de conscience? D\u00e9clencheur de catharsis ? Porte-\u00e9tendard de notre culture occidentale ? Afin de mieux comprendre la fonction du th\u00e9\u00e2tre aujourd&rsquo;hui, nous repasserons \u00e0 travers l\u2019histoire du spectacle vivant depuis son apparition jusqu&rsquo;\u00e0 nos jours, nous examinerons son \u00e9volution formelle ainsi que son r\u00f4le et sa place \u00e0 travers le temps. De plus, nous observerons l\u2019\u00e9volution des conventions th\u00e9\u00e2trales afin d\u2019en analyser la relation avec les structures soci\u00e9tales et politiques de l\u2019\u00e9poque.<\/p>\n\n\n\n<p>Ensemble, nous r\u00e9fl\u00e9chirons \u00e0 la place du th\u00e9\u00e2tre aujourd&rsquo;hui: le th\u00e9\u00e2tre est-il en marge, \u00e0 contre-courant du syst\u00e8me \u00e9conomique et politique, ou est-il au service du syst\u00e8me en place? Mais surtout, nous nous poserons cette question fondamentale: le th\u00e9\u00e2tre est-il n\u00e9cessaire encore aujourd&rsquo;hui? Quelle place pouvons-nous lui faire?<br>Rencontre bimensuelle<\/p>\n\n\n\n<p>1 modules. Rencontre bimensuelle les mardis de 12:30 \u00e0 14:00<\/p>\n\n\n\n<p>module 1, 2020 (22, 29 sept; 3, 17 nov; 1, 8, 15 d\u00e9c)<\/p>\n\n\n\n<hr class=\"wp-block-separator\"\/>\n\n\n\n<h3><img loading=\"lazy\" class=\"alignleft wp-image-834 size-thumbnail\" src=\"http:\/\/www.open-world.ch\/wordpress\/wp-content\/uploads\/2017\/05\/ville-geneve-150x150.jpg\" alt=\"histoire de geneve\" width=\"150\" height=\"150\">Th\u00e8mes et personnages de l&rsquo;histoire mondiale<\/h3>\n\n\n\n<p><a href=\"http:\/\/www.open-world.ch\/lesalon\/?page_id=18#KBOSKO\">Karel Bosko<\/a><br>A chaque s\u00e9ance, l&rsquo;\u00e9tude d&rsquo;un th\u00e8me ou d&rsquo;un personnage inscrit dans une large perspective historique &#8211; textes et\/ou films \u00e0 l&rsquo;appui. D\u00e9bordements possibles d&rsquo;une s\u00e9ance \u00e0 l&rsquo;autre !<\/p>\n\n\n\n<ul><li>la mystique m\u00e9di\u00e9vale et plus particuli\u00e8rement les b\u00e9guines<\/li><li>&nbsp;l&rsquo;humanisme florentin (Ficin, Pic) et son contexte social, politique et artistique<\/li><li>les philosophies de Martin Buber et d&rsquo;Emmanuel L\u00e9vinas<\/li><li>Romain Rolland : prises de position publiques, lucidit\u00e9s et aveuglements<\/li><li>la r\u00e9sistance spirituelle au r\u00e9gime hitl\u00e9rien (Dietrich Bonhoeffer)<\/li><li>quelques grandes figures de l&rsquo;\u00e9cologie (Robert Hainard, Arne Naess, Ivan Illich)<\/li><\/ul>\n\n\n\n<p>Rencontre bimensuelle les lundis de 18:30 \u00e0&nbsp; 20:00<br>1 module, 2020 (21 s\u00e9pt; 5, 26 oct; 2, 16, 30 nov; 7, 14 d\u00e9c)<\/p>\n\n\n\n<hr class=\"wp-block-separator\"\/>\n\n\n\n<h3><img loading=\"lazy\" class=\"alignleft wp-image-47 size-thumbnail\" src=\"http:\/\/www.open-world.ch\/wordpress\/wp-content\/uploads\/2015\/01\/books-150x150.jpg\" alt=\"books\" width=\"150\" height=\"150\" srcset=\"http:\/\/www.open-world.ch\/wordpress\/wp-content\/uploads\/2015\/01\/books-150x150.jpg 150w, http:\/\/www.open-world.ch\/wordpress\/wp-content\/uploads\/2015\/01\/books-300x300.jpg 300w, http:\/\/www.open-world.ch\/wordpress\/wp-content\/uploads\/2015\/01\/books-1024x1024.jpg 1024w, http:\/\/www.open-world.ch\/wordpress\/wp-content\/uploads\/2015\/01\/books-330x330.jpg 330w, http:\/\/www.open-world.ch\/wordpress\/wp-content\/uploads\/2015\/01\/books.jpg 1260w\" sizes=\"(max-width: 150px) 100vw, 150px\" \/>Litt\u00e9rature fran\u00e7aise et francophone : une approche th\u00e9matique<\/h3>\n\n\n\n<p><a title=\"Les enseignants\" href=\"http:\/\/www.open-world.ch\/lesalon\/?page_id=18#ISTROUN\">Isabelle Stroun<\/a><br>Nous aborderons la litt\u00e9rature par th\u00e8mes, gr\u00e2ce auxquels nous pourrons retracer la chronologie. Nous nous interrogerons comment des sujets tels que l&rsquo;amour, la guerre, le mythe du bon sauvage, ont \u00e9t\u00e9 trait\u00e9s et nous regarderons aussi le d\u00e9veloppement de genres litt\u00e9raires comme le th\u00e9\u00e2tre, le roman, la po\u00e9sie.<\/p>\n\n\n\n<p>Rencontre mensuelle le mercredi de 12:15 \u00e0 13:45<br>9 s\u00e9ances, 2020\/2021 (23 sept; 4 nov; 2 d\u00e9c; 20 jav; 3, 31 mars; 21 avr; 19 mai; 16 juin)<\/p>\n\n\n\n<hr class=\"wp-block-separator\"\/>\n\n\n\n<h3><img loading=\"lazy\" class=\"alignleft size-thumbnail wp-image-46\" src=\"http:\/\/www.open-world.ch\/wordpress\/wp-content\/uploads\/2015\/01\/tea-with-kim-150x150.jpg\" alt=\"tea with kim\" width=\"150\" height=\"150\" srcset=\"http:\/\/www.open-world.ch\/wordpress\/wp-content\/uploads\/2015\/01\/tea-with-kim-150x150.jpg 150w, http:\/\/www.open-world.ch\/wordpress\/wp-content\/uploads\/2015\/01\/tea-with-kim-300x300.jpg 300w, http:\/\/www.open-world.ch\/wordpress\/wp-content\/uploads\/2015\/01\/tea-with-kim-1024x1024.jpg 1024w\" sizes=\"(max-width: 150px) 100vw, 150px\" \/>Cercle de lecture<\/h3>\n\n\n\n<p><a href=\"http:\/\/www.open-world.ch\/lesalon\/?page_id=18#ISTROUN\">Isabelle Stroun<\/a><br>Lisez ou relisez des oeuvres classiques et modernes, de diverses cultures. Rencontre une fois par mois pour discuter, \u00e9changer autour d&rsquo;une oeuvre choisie en commun. Apr\u00e8s un vote entre plusieurs titres propos\u00e9s par les participants, chacun lit le m\u00eame livre d\u2019une s\u00e9ance \u00e0 l\u2019autre et l\u2019ouvrage est comment\u00e9 lors de la s\u00e9ance suivante. Les discussions se d\u00e9veloppent librement selon ce que chacun apporte et ressent. Rejoignez-nous pour neuf s\u00e9ances d&rsquo;\u00e9changes autour de grands textes!<\/p>\n\n\n\n<p>Rencontre mensuelle les jeudis soirs de 18:30 \u00e0 20:00<br>9 s\u00e9ances, 2020\/2021 (24 sept; 29 oct; 26 nov; 28 jan; 25 f\u00e9v; 25 mars; 22 avr; 20 mai; 17 juin)<\/p>\n\n\n\n<hr class=\"wp-block-separator\"\/>\n\n\n\n<h3><img loading=\"lazy\" class=\" wp-image-162 size-thumbnail alignleft\" src=\"http:\/\/www.open-world.ch\/wordpress\/wp-content\/uploads\/2015\/01\/study-150x150.jpg\" alt=\"study\" width=\"150\" height=\"150\" srcset=\"http:\/\/www.open-world.ch\/wordpress\/wp-content\/uploads\/2015\/01\/study-150x150.jpg 150w, http:\/\/www.open-world.ch\/wordpress\/wp-content\/uploads\/2015\/01\/study-300x300.jpg 300w, http:\/\/www.open-world.ch\/wordpress\/wp-content\/uploads\/2015\/01\/study-1024x1024.jpg 1024w\" sizes=\"(max-width: 150px) 100vw, 150px\" \/>Les fondements de la philosophie occidentale<\/h3>\n\n\n\n<p><a title=\"Les enseignants\" href=\"http:\/\/www.open-world.ch\/lesalon\/?page_id=18#NCROFTS\">Nicholas Crofts<\/a><br>Qu\u2019est-ce que la connaissance et comment l\u2019obtenir ? Le terme \u2018beaut\u00e9\u2019 n\u2019 exprime-t-il rien de plus qu\u2019une pr\u00e9f\u00e9rence personnelle? Qu\u2019est-ce qu\u2019\u00eatre une \u2018bonne\u2019 personne ? La pens\u00e9e est-elle possible sans langage ? Dans ce cours nous examinons quelques-unes des questions au c\u0153ur de la philosophie occidentale, et les r\u00e9ponses avanc\u00e9es par des philosophes depuis l\u2019Antiquit\u00e9 \u00e0 nos jours. L\u2019approche est essentiellement th\u00e9matique mais avec une charpente chronologique. Ce cours n\u2019a d\u2019autre pr\u00e9requis que la volont\u00e9 d\u2019aborder des questions philosophiques et d\u2019en discuter.<\/p>\n\n\n\n<p>2 modules. Rencontre bimensuelle les vendredis de 12:15 \u00e0 13:45<br>module 1, 2020 (20, 27 sept; 4, 25 oct, 8, 22 nov, 6 d\u00e9c)<br>module 2, 2021 (10, 24 jan, 7, 21 f\u00e9v, 6, 20 mars, 3 avr)<\/p>\n\n\n\n<hr class=\"wp-block-separator\"\/>\n\n\n\n<h3><img loading=\"lazy\" class=\"alignleft size-thumbnail wp-image-186\" src=\"http:\/\/www.open-world.ch\/wordpress\/wp-content\/uploads\/2015\/01\/S6301346-150x150.jpg\" alt=\"S6301346\" width=\"150\" height=\"150\">Histoire de l&rsquo;art par th\u00e8mes<\/h3>\n\n\n\n<p><a title=\"Les enseignants\" href=\"http:\/\/www.open-world.ch\/lesalon\/?page_id=18#NCROFTS\">Nicholas Crofts<\/a><br>Plut\u00f4t que chronologique, le cours adopte une approche th\u00e9matique de l&rsquo;histoire de l&rsquo;art: il examine et compare des \u0153uvres de diff\u00e9rentes \u00e9poques sous des aspects vari\u00e9s tels que le choix du sujet, la technique, la structure, la lumi\u00e8re, l&rsquo;\u00e9chelle et la forme. Il s&rsquo;agit d&rsquo;aider les \u00e9tudiants \u00e0 d\u00e9velopper une appr\u00e9ciation large et diachronique; ils pourront ainsi reconna\u00eetre \u00e0 quel genre artistique les \u0153uvres appartiennent et seront \u00e0 m\u00eame de les situer dans un contexte historique.<br>Il n&rsquo;y a aucun pr\u00e9requis pour suivre ce cours, autre que le d\u00e9sir de discuter.<\/p>\n\n\n\n<p>2 modules. Rencontre bimensuelle les jeudis de 12:15 \u00e0 13:45<br>module 1, 2020&nbsp;(17, 24 sept; 8, 22 oct, 5, 19 nov, 3 d\u00e9c)<br>module 2, 2021&nbsp;(9, 23 jan, 6, 20 f\u00e9v, 5, 19 mars, 2 avr)<\/p>\n\n\n\n<hr class=\"wp-block-separator\"\/>\n\n\n\n<h3><a href=\"http:\/\/www.open-world.ch\/wordpress\/wp-content\/uploads\/2017\/05\/bernstein.jpg\"><img loading=\"lazy\" id=\"DISCUSSION\" class=\"alignleft size-thumbnail wp-image-847\" src=\"http:\/\/www.open-world.ch\/wordpress\/wp-content\/uploads\/2017\/05\/bernstein-150x150.jpg\" alt=\"Musique Classique\" width=\"150\" height=\"150\"><\/a>Introduction \u00e0 la musique classique<\/h3>\n\n\n\n<p><a href=\"http:\/\/www.open-world.ch\/lesalon\/?page_id=18#YFOURNIER\">Yves Fournier<\/a><\/p>\n\n\n\n<div>\n<div>\n<div><b>1. A la d\u00e9couverte de la musique baroque : de Monteverdi \u00e0 Bach.<\/b><\/div>\n<div>La p\u00e9riode baroque, qui d\u00e9bute vers 1580, est sans doute l&rsquo;une des plus riches de l&rsquo;histoire de la musique.&nbsp; De nouveaux genre apparaissent : l&rsquo;op\u00e9ra, le concerto, la sonate, la cantate, mais \u00e9galement de nouvelles techniques : la basse continue, la tonalit\u00e9. L&rsquo;universalisme de la Renaissance fait place aux particularismes : style fran\u00e7ais, style italien. Par l&rsquo;\u00e9coute comment\u00e9e de chefs-d&rsquo;oeuvre des grands ma\u00eetres du Baroque (Monteverdi, Frescobaldi, Corelli, Vivaldi, Lully, Sch\u00fctz, Buxtehude, Bach, Purcell, Haendel), les participants d\u00e9velopperont des outils pour mieux appr\u00e9hender cette p\u00e9riode, qui se termine en 1750 avec la mort de Bach.<\/div>\n<div>&nbsp;<\/div>\n<div><b>2. Femmes compositrices.<\/b><\/div>\n<\/div>\n<\/div>\n\n\n\n<div>L&rsquo;histoire de la musique est essentiellement jalonn\u00e9e par des figures masculines. Pourtant, de nombreuses femmes ont compos\u00e9 des chefs-d&rsquo;oeuvre, injustement m\u00e9connus. Le cours propose de d\u00e9couvrir quelques compositrices, de Hildegarde de Bingen, \u00e0 Clara Schumann, en passant par Fanny Mendelssohn, ou encore Nadia Boulanger.<\/div>\n\n\n\n<p>modules. Rencontre bimensuelle les mardis de 12:15 \u00e0 13:45<br>module 1, 2020 (15, 29 sept; 13, 27 oct; 10, 24 nov; 8 d\u00e9c)<br>module 2, 2021 (26 jan; 9, 23 f\u00e9v; 9, 23 mars; 13, 27 avr)<\/p>\n\n\n\n<hr class=\"wp-block-separator\"\/>\n\n\n\n<h3><img loading=\"lazy\" class=\" wp-image-184 size-thumbnail alignleft\" src=\"http:\/\/www.open-world.ch\/wordpress\/wp-content\/uploads\/2015\/01\/jazz-150x150.jpg\" alt=\"jazz\" width=\"150\" height=\"150\">\nQu&rsquo;est-ce que le jazz? Comment l&rsquo;\u00e9couter?<\/h3>\n\n\n\n<p><a title=\"Les enseignants\" href=\"http:\/\/www.open-world.ch\/lesalon\/?page_id=18#MCROFTS\">Marc Crofts<\/a><br>Quel est le point commun entre le jazz contemporain et le swing de Louis Armstrong? Gr\u00e2ce \u00e0 ce cours vous pourrez r\u00e9pondre \u00e0 cette question! Pour comprendre ce qu&rsquo;est le jazz, nous examinerons les formes qu&rsquo;il a prises, de ses origines (blues, ragtime, stride, etc.) au jazz fusion en passant par la r\u00e9volution bebop et les m\u00e9tissages comme la bossa nova, le style afro-cubain ou encore le swing manouche. En \u00e9coutant des morceaux, nous explorerons les rythmes et les harmonies qui sont au coeur de cette musique, mais aussi le contexte historique et sociologique qui a vu son \u00e9closion et son d\u00e9veloppement jusqu&rsquo;\u00e0 nos jours. Selon vos envies, nous pourrons nous attarder sur certains musiciens ou sur certaines \u00e9poques. Apr\u00e8s ce voyage, vous n&rsquo;\u00e9couterez plus la musique de la m\u00eame fa\u00e7on! Pour participer \u00e0 ce cours, il n&rsquo;y a aucun pr\u00e9requis autre qu&rsquo;une envie de d\u00e9couvrir de nouveaux horizons musicaux.<\/p>\n\n\n\n<p>2 modules. Rencontre bimensuelle les mercredis de 18:30 \u00e0 20:00<br>module 1, 2020 <em>Origines du jazz au ann\u00e9es<\/em> 30 (23 sept; 7, 14 oct; 4, 18 nov; 2, 16 d\u00e9c)<br>module 2, 2021 <em>Des ann\u00e9es 40 \u00e0 nos jours<\/em> (dates \u00e0 convenir avec les participants)<\/p>\n\n\n\n<hr class=\"wp-block-separator\"\/>\n\n\n\n<h3><img loading=\"lazy\" class=\"alignleft size-thumbnail wp-image-188\" src=\"http:\/\/www.open-world.ch\/wordpress\/wp-content\/uploads\/2015\/01\/plume-ecrire-blog-150x150.jpg\" alt=\"plume-ecrire-blog\" width=\"150\" height=\"150\">Ateliers d&rsquo;\u00e9criture cr\u00e9ative<\/h3>\n\n\n\n<p><a title=\"Les enseignants\" href=\"http:\/\/www.open-world.ch\/lesalon\/?page_id=18#ABRECART\">Anne Br\u00e9cart<br><\/a>Les Ateliers d\u2019\u00e9criture visent \u00e0 explorer au travers des mots l\u2019imaginaire et la m\u00e9moire. Ces images et \u00e9motions qui nous habitent sont le mat\u00e9riau qui, une fois mis \u00e0 jour, peut servir \u00e0 la construction d\u2019une nouvelle ou d\u2019un roman. (A partir de f\u00e9vrier 2021)<\/p>\n\n\n\n<p>Six s\u00e9ances de 2 heures, les mardis de 18:30 \u00e0 20:30<br>1 atelier, 2021 (9, 16, 30 mars;  20 avr; 4, 11 mai)<\/p>\n\n\n\n<hr class=\"wp-block-separator\"\/>\n\n\n\n<h3><img loading=\"lazy\" class=\"alignleft wp-image-1105 size-thumbnail\" src=\"http:\/\/www.open-world.ch\/wordpress\/wp-content\/uploads\/2019\/06\/conversation-150x150.jpg\" alt=\"conversation\" width=\"150\" height=\"150\">\nGroupe de conversation en anglais<\/h3>\n\n\n\n<p><a title=\"Les enseignants\" href=\"http:\/\/www.open-world.ch\/lesalon\/?page_id=18#NCROFTS\">Nicholas Crofts<\/a><\/p>\n\n\n\n<p>Un groupe de discussion informelle, mettant l&rsquo;accent sur des sujets culturels. Destin\u00e9 principalement aux non-anglophones souhaitant am\u00e9liorer leur anglais oral gr\u00e2ce \u00e0 la conversation. Les sujets de discussion sont fix\u00e9s \u00e0 l&rsquo;avance et des documents de lecture adapt\u00e9 au niveau des participants seront fournis. Participation \u00e0 distance possible.<\/p>\n\n\n\n<p>2 modules. Rencontre bimensuelle les jeudis de 17:30 \u00e0 19:00<br>module 1, 2020&nbsp;(17, 24 sept; 8, 22 oct; 5, 19 nov; 3 d\u00e9c)  <br>module 2, 2021&nbsp;(8, 22 f\u00e9v; 8, 22 mars; 10,31 mai; 7 juin) <\/p>\n\n\n\n<hr class=\"wp-block-separator\"\/>\n\n\n\n<h3><img loading=\"lazy\" width=\"150\" height=\"150\" class=\"alignleft wp-image-1116 size-thumbnail\" src=\"http:\/\/www.open-world.ch\/wordpress\/wp-content\/uploads\/2019\/06\/samovar-150x150.png\" alt=\"samovar\">  Russe niveau A2<\/h3>\n\n\n\n<div><a href=\"http:\/\/www.open-world.ch\/lesalon\/?page_id=18#KDANIEL\">Katarzyna Zarin- Daniel<\/a><\/div>\n\n\n\n<div class=\"wp-block-group\"><div class=\"wp-block-group__inner-container\">\n<p>Katarzyna vous propose&nbsp; un cours&nbsp; de conversation et de civilisation russe. Nous discuterons sur la base de textes autour de la culture, de la litt\u00e9rature et de l&rsquo;histoire. Nous verrons ensemble comment traduire des textes plus complexes. Nous approfondirons&nbsp; ainsi certains points de grammaire. Pour progresser dans l\u2019apprentissage de la langue, ce cours n\u00e9cessite donc un minimum de travail \u00e0 la maison. <\/p>\n\n\n\n<!--<div>Katarzyna vous propose pendant votre pose&nbsp; de midi un cours&nbsp; d'initiation \u00e0 la langue et \u00e0 la civilisation russe.&nbsp;Pendant que vous mangez votre sandwich, vous allez d\u00e9couvrir l\u2019alphabet cyrillique et ses origines.&nbsp;Au bout de 2 mois environ, en suivant une m\u00e9thode moderne, vous commencerez la lecture en russe.&nbsp; Par la suite vous d\u00e9couvrirez les bases de la grammaire. Au bout de quelques mois d'\u00e9tudes, nous verrons ensemble des recettes de cuisine et des chansons populaires&nbsp; dans la langue d'origine.&nbsp;Nous vous proposerons aussi, en fran\u00e7ais, de br\u00e8ves explications les coutumes, la litt\u00e9rature et l'histoire.&nbsp;Pour progresser dans l'apprentissage de la langue, ce cours n\u00e9cessite un minimum de travail \u00e0 la maison.&nbsp;Pour cela des exercices de grammaire sont propos\u00e9s.<\/div> -->\n<\/div><\/div>\n\n\n\n<div class=\"wp-block-group\"><div class=\"wp-block-group__inner-container\">\n<div>\n<p>2 modules : Rencontre hebdomadaire les lundis de 14:00 \u00e0 15:30<\/p>\n<p>module 1, 2020 :&nbsp; (21, 28 sept; 5, 12, 26 oct; 2, 9, 16, 23, 30 nov; 7, 14, 21 d\u00e9c)<br>module 2, 2021 :&nbsp; (8, 22 f\u00e9v; 8, 22 mars; 10, 31 mai; 7 juin)<\/p>\n<\/div>\n<\/div><\/div>\n\n\n\n<div><hr>\n<h3><a href=\"http:\/\/www.open-world.ch\/wordpress\/wp-content\/uploads\/2020\/06\/the-blue-violinist-marc-chagall-e1560711863257.jpg\"><img loading=\"lazy\" class=\"alignleft wp-image-1120 size-thumbnail\" src=\"http:\/\/www.open-world.ch\/wordpress\/wp-content\/uploads\/2019\/06\/the-blue-violinist-marc-chagall-e1560711863257-150x150.jpg\" alt=\"the-blue-violinist-marc-chagall\" width=\"150\" height=\"150\" srcset=\"http:\/\/www.open-world.ch\/wordpress\/wp-content\/uploads\/2019\/06\/the-blue-violinist-marc-chagall-e1560711863257-150x150.jpg 150w, http:\/\/www.open-world.ch\/wordpress\/wp-content\/uploads\/2019\/06\/the-blue-violinist-marc-chagall-e1560711863257-300x300.jpg 300w, http:\/\/www.open-world.ch\/wordpress\/wp-content\/uploads\/2019\/06\/the-blue-violinist-marc-chagall-e1560711863257.jpg 431w\" sizes=\"(max-width: 150px) 100vw, 150px\" \/><\/a>\nCours de violon, tous niveaux<\/h3>\n<div><a title=\"Les enseignants\" href=\"http:\/\/www.open-world.ch\/lesalon\/?page_id=18#MCROFTS\">Marc Crofts<\/a><\/div>\n<div>&#8230; classique, jazz, musiques folk d&rsquo;Europe de l&rsquo;Est, flamenco, rock, blues, funk, musique celtique, etc.<\/div>\n<div>Dipl\u00f4m\u00e9 de la HEM de Lausanne en 2017, Marc enseigne depuis de nombreuses ann\u00e9es.<\/div>\n<div>Il insiste sur l&rsquo;importance de l&rsquo;oreille et de l&rsquo;\u00e9coute dans la pratique du violon (et de la musique en g\u00e9n\u00e9ral) et essaie de promouvoir un enseignement technique en harmonie avec le corps, \u00e9liminant les crispations qui sont \u00e0 l&rsquo;origine, pour beaucoup, du d\u00e9go\u00fbt du violon, le tout dans une approche ludique.&nbsp;Les questions de posture et le rapport au corps sont \u00e9galement mises en avant, puisque c&rsquo;est par l\u00e0 que passe le plaisir de jouer.&nbsp;M\u00e9thode d&rsquo;enseignement personnelle, \u00e0 la carte, \u00e9labor\u00e9e \u00e0 la lecture de nombreux ouvrages techniques et p\u00e9dagogiques, abordant la technique du violon comme un ensemble organique, mobilisant \u00e0 la fois l&rsquo;ensemble du corps et les facult\u00e9s intellectives, d&rsquo;\u00e9coute, de lecture, etc. Et bien s\u00fbr, quelques petits secrets glan\u00e9s en chemin&#8230;<\/div>\n<div>&nbsp;<\/div>\n<div>Cours individuels ou en petit groupe, horaire \u00e0 convenir avec le professeur (+41 76 616 01 54)<\/div>\n<\/div>\n\n\n\n<hr class=\"wp-block-separator\"\/>\n\n\n\n<h3><img loading=\"lazy\" class=\"alignleft wp-image-235 size-thumbnail\" src=\"http:\/\/www.open-world.ch\/wordpress\/wp-content\/uploads\/2015\/01\/2014-12-02-17.43.40-e1422376829546-150x150.jpg\" alt=\"Sorties\" width=\"150\" height=\"150\">Sorties et visites<\/h3>\n\n\n\n<p>organisation&nbsp;<em>ad hoc<\/em>&nbsp;en fonction du programme culturel (programmation fin juillet 2020)<\/p>\n\n\n\n<div dir=\"ltr\">Eclairages d&rsquo;une sortie culturelle (cin\u00e9ma, th\u00e9\u00e2tre, musique, mus\u00e9e). Avant la sortie: pr\u00e9sentation et mise en contexte du film, de l&rsquo;exposition, du concert, de l&rsquo;op\u00e9ra, ou de la pi\u00e8ce de th\u00e9\u00e2tre. Apr\u00e8s la sortie: une partie plus interactive pendant laquelle nous reviendrons sur cette exp\u00e9rience afin d&rsquo;analyser nos impressions et ressentis.<\/div>\n\n\n\n<h3>Sorties th\u00e9\u00e2trales et \u00e0 l&rsquo;Op\u00e9ra<\/h3>\n\n\n\n<p><a title=\"Les enseignants\" href=\"http:\/\/www.open-world.ch\/lesalon\/?page_id=18#ISTROUN\">Isabelle Stroun<\/a> et <a href=\"http:\/\/www.open-world.ch\/lesalon\/?page_id=18#KCROFTS\">Kim Crofts<\/a>  les mardis&nbsp; ou jeudis de 12.30h \u00e0 14h <\/p>\n\n\n\n<p>Des s\u00e9ances qui vous pr\u00e9parent \u00e0 aller voir des metteurs en sc\u00e8nes connus sur la sc\u00e8ne romande et \/ou internationales et qui vous font d\u00e9couvrir des \u00e9critures singuli\u00e8res et diversifi\u00e9es&nbsp;!<\/p>\n\n\n\n<p><strong><em><a rel=\"noreferrer noopener\" aria-label=\"Why (s\u2019ouvre dans un nouvel onglet)\" href=\"https:\/\/www.leprogramme.ch\/theatre\/why\/peter-brook-marie-helene-estienne\/meyrin\/theatre-forum-meyrin\" target=\"_blank\">Why<\/a><\/em><\/strong> de Peter Brook au<strong> <\/strong>Forum Meyrin&nbsp; <br>jeudi 3 d\u00e9cembre et jeudi 10 d\u00e9cembre <\/p>\n<\/div><\/div><\/div>\n\n\n\n<p><strong><em><a rel=\"noreferrer noopener\" aria-label=\"Le Conte des Contes (s\u2019ouvre dans un nouvel onglet)\" href=\"https:\/\/www.leprogramme.ch\/theatre\/le-conte-des-contes-1\/giambattista-basile-omar-porras-teatro-malandro\/carouge\/theatre-de-carouge\" target=\"_blank\">Le Conte des Contes<\/a><\/em><\/strong>&nbsp; d\u2019apr\u00e8s Giambattista Basile, Conception et mise en sc\u00e8ne d\u2019Omar Porras,<strong> <\/strong>Par le Teatro Malandro au Th\u00e9\u00e2tre de Carouge&nbsp;&nbsp; mardi 12 janvier et mardi 26 janvier<\/p>\n\n\n\n<p><em><strong><a rel=\"noreferrer noopener\" aria-label=\"Feuilleton th\u00e9\u00e2tral (s\u2019ouvre dans un nouvel onglet)\" href=\"https:\/\/www.leprogramme.ch\/theatre\/temple-du-present-solo-pour-octopus-vous-etes-ici-episode-5\/stefan-kaegi-rimini-protokoll-shanjulab-republique-ephemere\/geneve\/theatre-saint-gervais\" target=\"_blank\">Feuilleton th\u00e9\u00e2tral<\/a><\/strong>, \u00e9pisode 5, <\/em>Stefan Kaegi (Rimini Protokol)&nbsp; au Th\u00e9\u00e2tre St Gervais&nbsp; <br>mardi 2 et mardi 9 f\u00e9vrier<\/p>\n\n\n\n<p><em><strong><a rel=\"noreferrer noopener\" aria-label=\"Makers (s\u2019ouvre dans un nouvel onglet)\" href=\"https:\/\/www.leprogramme.ch\/theatre\/makers\/oscar-gomez-mata-l-alakran-juan-loriente\/geneve\/theatre-saint-gervais\" target=\"_blank\">Makers<\/a><\/strong>, <\/em>Conception et mise en sc\u00e8ne Oscar G\u00f3mez Mata&nbsp; Th\u00e9\u00e2tre Saint-Gervais, Gen\u00e8ve &nbsp; <br>mardi 16 et 30 mars<\/p>\n\n\n\n<p><em><strong><a rel=\"noreferrer noopener\" aria-label=\"Tout le Plaisir est pour moi (s\u2019ouvre dans un nouvel onglet)\" href=\"https:\/\/www.leprogramme.ch\/theatre\/tout-le-plaisir-est-pour-moi\/julie-gilbert-marie-fourquet-manon-kruettli\/geneve\/theatre-du-loup\" target=\"_blank\">Tout le Plaisir est pour moi<\/a> <\/strong><\/em>&nbsp;un spectacle de Julie Gilbert et Marie Fourquet mis en sc\u00e8ne par Manon Kr\u00fcttli au Th\u00e9\u00e2tre du Loup&nbsp;&nbsp; <br>mardi 1 et 15 juin<\/p>\n","protected":false},"excerpt":{"rendered":"<p>Programme septembre 2020 &#8211; juin 2021 Qu\u2019est-ce que le th\u00e9\u00e2tre?&nbsp; Kim CroftsQuelle place dans notre soci\u00e9t\u00e9 occidentale pour cet art, et quelle fonction ?&nbsp; Divertissement bourgeois ou outil de r\u00e9volution ? \u00c9veilleur de conscience? D\u00e9clencheur de catharsis ? Porte-\u00e9tendard de notre culture occidentale ? Afin de mieux comprendre la fonction du th\u00e9\u00e2tre aujourd&rsquo;hui, nous repasserons &hellip; <a href=\"http:\/\/www.open-world.ch\/lesalon\/?page_id=1207\">Continue reading <span class=\"meta-nav\">&rarr;<\/span><\/a><\/p>\n","protected":false},"author":1,"featured_media":0,"parent":0,"menu_order":0,"comment_status":"closed","ping_status":"closed","template":"","meta":[],"_links":{"self":[{"href":"http:\/\/www.open-world.ch\/lesalon\/index.php?rest_route=\/wp\/v2\/pages\/1207"}],"collection":[{"href":"http:\/\/www.open-world.ch\/lesalon\/index.php?rest_route=\/wp\/v2\/pages"}],"about":[{"href":"http:\/\/www.open-world.ch\/lesalon\/index.php?rest_route=\/wp\/v2\/types\/page"}],"author":[{"embeddable":true,"href":"http:\/\/www.open-world.ch\/lesalon\/index.php?rest_route=\/wp\/v2\/users\/1"}],"replies":[{"embeddable":true,"href":"http:\/\/www.open-world.ch\/lesalon\/index.php?rest_route=%2Fwp%2Fv2%2Fcomments&post=1207"}],"version-history":[{"count":35,"href":"http:\/\/www.open-world.ch\/lesalon\/index.php?rest_route=\/wp\/v2\/pages\/1207\/revisions"}],"predecessor-version":[{"id":1327,"href":"http:\/\/www.open-world.ch\/lesalon\/index.php?rest_route=\/wp\/v2\/pages\/1207\/revisions\/1327"}],"wp:attachment":[{"href":"http:\/\/www.open-world.ch\/lesalon\/index.php?rest_route=%2Fwp%2Fv2%2Fmedia&parent=1207"}],"curies":[{"name":"wp","href":"https:\/\/api.w.org\/{rel}","templated":true}]}}