{"id":25,"date":"2015-01-06T08:03:23","date_gmt":"2015-01-06T07:03:23","guid":{"rendered":"http:\/\/www.open-world.ch\/lesalon\/?page_id=25"},"modified":"2021-07-12T10:50:26","modified_gmt":"2021-07-12T08:50:26","slug":"infos-pratiques","status":"publish","type":"page","link":"https:\/\/www.open-world.ch\/lesalon\/?page_id=25","title":{"rendered":"Infos pratiques"},"content":{"rendered":"<p><i><a href=\"https:\/\/www.google.ch\/maps\/place\/Le+Salon+d'%C3%A9tudes+culturelles\/@46.1972094,6.2114479,17z\/data=!4m5!3m4!1s0x478c7ac91a8f779d:0x8216974aae8e35e0!8m2!3d46.1964631!4d6.2156429\" data-wplink-edit=\"true\"><img loading=\"lazy\" class=\"alignnone wp-image-1336 size-full\" src=\"http:\/\/www.open-world.ch\/wordpress\/wp-content\/uploads\/2021\/07\/map.png\" alt=\"\" width=\"789\" height=\"497\" srcset=\"https:\/\/www.open-world.ch\/wordpress\/wp-content\/uploads\/2021\/07\/map.png 789w, https:\/\/www.open-world.ch\/wordpress\/wp-content\/uploads\/2021\/07\/map-300x189.png 300w, https:\/\/www.open-world.ch\/wordpress\/wp-content\/uploads\/2021\/07\/map-768x484.png 768w\" sizes=\"(max-width: 789px) 100vw, 789px\" \/><\/a><\/i><\/p>\n<p><i>Le Salon <em>d&rsquo;\u00e9tudes culturelles<\/em><\/i><\/p>\n<p>Bus 32,37\u00a0 Th\u00f4nex, Pierre \u00e0 Bochet<\/p>\n<p>13a, chemin de B\u00e9dex<br \/>\n1226, Th\u00f4nex<br \/>\nT\u00e9l. 022 3460197<br \/>\nCourriel: lesalon@open-world.ch<\/p>\n","protected":false},"excerpt":{"rendered":"<p>Le Salon d&rsquo;\u00e9tudes culturelles Bus 32,37\u00a0 Th\u00f4nex, Pierre \u00e0 Bochet 13a, chemin de B\u00e9dex 1226, Th\u00f4nex T\u00e9l. 022 3460197 Courriel: lesalon@open-world.ch<\/p>\n","protected":false},"author":1,"featured_media":0,"parent":0,"menu_order":5,"comment_status":"closed","ping_status":"closed","template":"","meta":[],"_links":{"self":[{"href":"https:\/\/www.open-world.ch\/lesalon\/index.php?rest_route=\/wp\/v2\/pages\/25"}],"collection":[{"href":"https:\/\/www.open-world.ch\/lesalon\/index.php?rest_route=\/wp\/v2\/pages"}],"about":[{"href":"https:\/\/www.open-world.ch\/lesalon\/index.php?rest_route=\/wp\/v2\/types\/page"}],"author":[{"embeddable":true,"href":"https:\/\/www.open-world.ch\/lesalon\/index.php?rest_route=\/wp\/v2\/users\/1"}],"replies":[{"embeddable":true,"href":"https:\/\/www.open-world.ch\/lesalon\/index.php?rest_route=%2Fwp%2Fv2%2Fcomments&post=25"}],"version-history":[{"count":14,"href":"https:\/\/www.open-world.ch\/lesalon\/index.php?rest_route=\/wp\/v2\/pages\/25\/revisions"}],"predecessor-version":[{"id":1346,"href":"https:\/\/www.open-world.ch\/lesalon\/index.php?rest_route=\/wp\/v2\/pages\/25\/revisions\/1346"}],"wp:attachment":[{"href":"https:\/\/www.open-world.ch\/lesalon\/index.php?rest_route=%2Fwp%2Fv2%2Fmedia&parent=25"}],"curies":[{"name":"wp","href":"https:\/\/api.w.org\/{rel}","templated":true}]}}