{"id":6,"date":"2015-01-04T15:27:30","date_gmt":"2015-01-04T15:27:30","guid":{"rendered":"http:\/\/www.open-world.ch\/wordpress\/?page_id=6"},"modified":"2020-08-18T14:24:51","modified_gmt":"2020-08-18T12:24:51","slug":"accueil","status":"publish","type":"page","link":"https:\/\/www.open-world.ch\/lesalon\/","title":{"rendered":"Accueil"},"content":{"rendered":"<h3>Bienvenue au Salon d&rsquo;\u00e9tudes culturelles<img loading=\"lazy\" class=\"alignright wp-image-163 size-medium\" src=\"http:\/\/www.open-world.ch\/wordpress\/wp-content\/uploads\/2015\/01\/class1-300x300.jpg\" alt=\"\" width=\"300\" height=\"300\" srcset=\"https:\/\/www.open-world.ch\/wordpress\/wp-content\/uploads\/2015\/01\/class1-300x300.jpg 300w, https:\/\/www.open-world.ch\/wordpress\/wp-content\/uploads\/2015\/01\/class1-150x150.jpg 150w, https:\/\/www.open-world.ch\/wordpress\/wp-content\/uploads\/2015\/01\/class1-1024x1024.jpg 1024w\" sizes=\"(max-width: 300px) 100vw, 300px\" \/><\/h3>\n<p>Envie d&rsquo;approfondir ou de d\u00e9velopper vos connaissances culturelles, de rencontrer des gens qui partagent vos int\u00e9r\u00eats et votre curiosit\u00e9 ? Vous appr\u00e9ciez les discussions informelles en petits groupes\u00a0?<\/p>\n<p>Le Salon d\u2019\u00e9tudes culturelles est pour vous\u00a0!<\/p>\n<p>Depuis cinq ans, le Salon permet de d\u00e9couvrir ou de red\u00e9couvrir, avec une nouvelle perspective, des sujets tels que la litt\u00e9rature, l\u2019histoire de l\u2019art, la philosophie, la musicologie&#8230;..<\/p>\n<p>La culture sans pr\u00e9requis et \u00e0 un prix abordable\u00a0!<\/p>\n<h3>Le Cadre<\/h3>\n<p>Le cadre intime et chaleureux, dans une maison du d\u00e9but du XX\u00e8me au coeur de Champel, est adapt\u00e9 \u00e0 l&rsquo;\u00e9tude en petits groupes.<\/p>\n<p><strong><em><a href=\"https:\/\/www.bag.admin.ch\/bag\/fr\/home\/krankheiten\/ausbrueche-epidemien-pandemien\/aktuelle-ausbrueche-epidemien\/novel-cov\/so-schuetzen-wir-uns.html\" target=\"_blank\" rel=\"noopener noreferrer\">Mesures sanitaires covid 19<\/a> : Port du masque et\/ou distance sociale, d\u00e9sinfection des mains.\u00a0<\/em><\/strong><\/p>\n","protected":false},"excerpt":{"rendered":"<p>Bienvenue au Salon d&rsquo;\u00e9tudes culturelles Envie d&rsquo;approfondir ou de d\u00e9velopper vos connaissances culturelles, de rencontrer des gens qui partagent vos int\u00e9r\u00eats et votre curiosit\u00e9 ? Vous appr\u00e9ciez les discussions informelles en petits groupes\u00a0? Le Salon d\u2019\u00e9tudes culturelles est pour vous\u00a0! Depuis cinq ans, le Salon permet de d\u00e9couvrir ou de red\u00e9couvrir, avec une nouvelle perspective, &hellip; <a href=\"https:\/\/www.open-world.ch\/lesalon\/\">Continue reading <span class=\"meta-nav\">&rarr;<\/span><\/a><\/p>\n","protected":false},"author":1,"featured_media":0,"parent":0,"menu_order":0,"comment_status":"closed","ping_status":"closed","template":"","meta":[],"_links":{"self":[{"href":"https:\/\/www.open-world.ch\/lesalon\/index.php?rest_route=\/wp\/v2\/pages\/6"}],"collection":[{"href":"https:\/\/www.open-world.ch\/lesalon\/index.php?rest_route=\/wp\/v2\/pages"}],"about":[{"href":"https:\/\/www.open-world.ch\/lesalon\/index.php?rest_route=\/wp\/v2\/types\/page"}],"author":[{"embeddable":true,"href":"https:\/\/www.open-world.ch\/lesalon\/index.php?rest_route=\/wp\/v2\/users\/1"}],"replies":[{"embeddable":true,"href":"https:\/\/www.open-world.ch\/lesalon\/index.php?rest_route=%2Fwp%2Fv2%2Fcomments&post=6"}],"version-history":[{"count":38,"href":"https:\/\/www.open-world.ch\/lesalon\/index.php?rest_route=\/wp\/v2\/pages\/6\/revisions"}],"predecessor-version":[{"id":1290,"href":"https:\/\/www.open-world.ch\/lesalon\/index.php?rest_route=\/wp\/v2\/pages\/6\/revisions\/1290"}],"wp:attachment":[{"href":"https:\/\/www.open-world.ch\/lesalon\/index.php?rest_route=%2Fwp%2Fv2%2Fmedia&parent=6"}],"curies":[{"name":"wp","href":"https:\/\/api.w.org\/{rel}","templated":true}]}}